{"id":3604,"date":"2020-02-26T16:27:20","date_gmt":"2020-02-26T15:27:20","guid":{"rendered":"https:\/\/www.martin-schroeder.de\/impressum\/"},"modified":"2024-07-03T23:38:20","modified_gmt":"2024-07-03T21:38:20","slug":"imprint","status":"publish","type":"page","link":"https:\/\/www.martin-schroeder.de\/en\/imprint\/","title":{"rendered":"Imprint"},"content":{"rendered":"<div class=\"fusion-fullwidth fullwidth-box fusion-builder-row-1 nonhundred-percent-fullwidth non-hundred-percent-height-scrolling\" style=\"--awb-border-radius-top-left:0px;--awb-border-radius-top-right:0px;--awb-border-radius-bottom-right:0px;--awb-border-radius-bottom-left:0px;--awb-flex-wrap:wrap;\" ><div class=\"fusion-builder-row fusion-row\"><div class=\"fusion-layout-column fusion_builder_column fusion-builder-column-0 fusion_builder_column_1_1 1_1 fusion-one-full fusion-column-first fusion-column-last\" style=\"--awb-bg-size:cover;--awb-margin-bottom:0px;\"><div class=\"fusion-column-wrapper fusion-flex-column-wrapper-legacy\"><div class=\"fusion-text fusion-text-1\"><p><strong>Angaben gem\u00e4\u00df \u00a7 5 DDG<\/strong><br \/>\nProf. Dr. Martin Schr\u00f6der<br \/>\nUniversit\u00e4t des Saarlandes<br \/>\nFakult\u00e4t f\u00fcr Empirische Human- und Wirtschaftswissenschaft<br \/>\nGesellschaftswissenschaftliche Europaforschung<br \/>\n66123 Saarbr\u00fcckeng<\/p>\n<p><strong>Kontakt<\/strong><br \/>\nTelefon: +49 681 302-2314<br \/>\nE-Mail: <a href=\"mailto:martin.schroeder@uni-marburg.de\">E-Mail: <\/a><a href=\"mailto:martin.schroeder@uni-saarland.de\">martin.schroeder@uni-saarland.de<\/a><\/p>\n<p><strong>Verbraucher\u00adstreit\u00adbeilegung\/Universal\u00adschlichtungs\u00adstelle<\/strong><br \/>\nWir\u00a0sind\u00a0nicht\u00a0bereit\u00a0oder\u00a0verpflichtet,\u00a0an\u00a0Streitbeilegungsverfahren\u00a0vor\u00a0einer\u00a0Verbraucherschlichtungsstelle\u00a0teilzunehmen.<\/p>\n<p><strong>Haftung\u00a0f\u00fcr\u00a0Inhalte<\/strong><br \/>\nAls\u00a0Diensteanbieter\u00a0sind\u00a0wir\u00a0gem\u00e4\u00df\u00a0\u00a7\u00a07\u00a0Abs.1\u00a0TMG\u00a0f\u00fcr\u00a0eigene\u00a0Inhalte\u00a0auf\u00a0diesen\u00a0Seiten\u00a0nach\u00a0den\u00a0allgemeinen\u00a0Gesetzen\u00a0verantwortlich.\u00a0Nach\u00a0\u00a7\u00a7\u00a08\u00a0bis\u00a010\u00a0TMG\u00a0sind\u00a0wir\u00a0als\u00a0Diensteanbieter\u00a0jedoch\u00a0nicht\u00a0verpflichtet,\u00a0\u00fcbermittelte\u00a0oder\u00a0gespeicherte\u00a0fremde\u00a0Informationen\u00a0zu\u00a0\u00fcberwachen\u00a0oder\u00a0nach\u00a0Umst\u00e4nden\u00a0zu\u00a0forschen,\u00a0die\u00a0auf\u00a0eine\u00a0rechtswidrige\u00a0T\u00e4tigkeit\u00a0hinweisen.<\/p>\n<p>Verpflichtungen\u00a0zur\u00a0Entfernung\u00a0oder\u00a0Sperrung\u00a0der\u00a0Nutzung\u00a0von\u00a0Informationen\u00a0nach\u00a0den\u00a0allgemeinen\u00a0Gesetzen\u00a0bleiben\u00a0hiervon\u00a0unber\u00fchrt.\u00a0Eine\u00a0diesbez\u00fcgliche\u00a0Haftung\u00a0ist\u00a0jedoch\u00a0erst\u00a0ab\u00a0dem\u00a0Zeitpunkt\u00a0der\u00a0Kenntnis\u00a0einer\u00a0konkreten\u00a0Rechtsverletzung\u00a0m\u00f6glich.\u00a0Bei\u00a0Bekanntwerden\u00a0von\u00a0entsprechenden\u00a0Rechtsverletzungen\u00a0werden\u00a0wir\u00a0diese\u00a0Inhalte\u00a0umgehend\u00a0entfernen.<\/p>\n<p><strong>Haftung\u00a0f\u00fcr\u00a0Links<\/strong><br \/>\nUnser\u00a0Angebot\u00a0enth\u00e4lt\u00a0Links\u00a0zu\u00a0externen\u00a0Websites\u00a0Dritter,\u00a0auf\u00a0deren\u00a0Inhalte\u00a0wir\u00a0keinen\u00a0Einfluss\u00a0haben.\u00a0Deshalb\u00a0k\u00f6nnen\u00a0wir\u00a0f\u00fcr\u00a0diese\u00a0fremden\u00a0Inhalte\u00a0auch\u00a0keine\u00a0Gew\u00e4hr\u00a0\u00fcbernehmen.\u00a0F\u00fcr\u00a0die\u00a0Inhalte\u00a0der\u00a0verlinkten\u00a0Seiten\u00a0ist\u00a0stets\u00a0der\u00a0jeweilige\u00a0Anbieter\u00a0oder\u00a0Betreiber\u00a0der\u00a0Seiten\u00a0verantwortlich.\u00a0Die\u00a0verlinkten\u00a0Seiten\u00a0wurden\u00a0zum\u00a0Zeitpunkt\u00a0der\u00a0Verlinkung\u00a0auf\u00a0m\u00f6gliche\u00a0Rechtsverst\u00f6\u00dfe\u00a0\u00fcberpr\u00fcft.\u00a0Rechtswidrige\u00a0Inhalte\u00a0waren\u00a0zum\u00a0Zeitpunkt\u00a0der\u00a0Verlinkung\u00a0nicht\u00a0erkennbar.<\/p>\n<p>Eine\u00a0permanente\u00a0inhaltliche\u00a0Kontrolle\u00a0der\u00a0verlinkten\u00a0Seiten\u00a0ist\u00a0jedoch\u00a0ohne\u00a0konkrete\u00a0Anhaltspunkte\u00a0einer\u00a0Rechtsverletzung\u00a0nicht\u00a0zumutbar.\u00a0Bei\u00a0Bekanntwerden\u00a0von\u00a0Rechtsverletzungen\u00a0werden\u00a0wir\u00a0derartige\u00a0Links\u00a0umgehend\u00a0entfernen.<\/p>\n<p><strong>Urheberrecht<\/strong><br \/>\nDie durch die Seitenbetreiber erstellten Inhalte und Werke auf diesen Seiten unterliegen dem deutschen Urheberrecht. Die Vervielf\u00e4ltigung, Bearbeitung, Verbreitung und jede Art der Verwertung au\u00dferhalb der Grenzen des Urheberrechtes bed\u00fcrfen der schriftlichen Zustimmung des jeweiligen Autors bzw. Erstellers. Downloads und Kopien dieser Seite sind nur f\u00fcr den privaten, nicht kommerziellen Gebrauch gestattet.<\/p>\n<p>Soweit\u00a0die\u00a0Inhalte\u00a0auf\u00a0dieser\u00a0Seite\u00a0nicht\u00a0vom\u00a0Betreiber\u00a0erstellt\u00a0wurden,\u00a0werden\u00a0die\u00a0Urheberrechte\u00a0Dritter\u00a0beachtet.\u00a0Insbesondere\u00a0werden\u00a0Inhalte\u00a0Dritter\u00a0als\u00a0solche\u00a0gekennzeichnet.\u00a0Sollten\u00a0Sie\u00a0trotzdem\u00a0auf\u00a0eine\u00a0Urheberrechtsverletzung\u00a0aufmerksam\u00a0werden,\u00a0bitten\u00a0wir\u00a0um\u00a0einen\u00a0entsprechenden\u00a0Hinweis.\u00a0Bei\u00a0Bekanntwerden\u00a0von\u00a0Rechtsverletzungen\u00a0werden\u00a0wir\u00a0derartige\u00a0Inhalte\u00a0umgehend\u00a0entfernen.<\/p>\n<p>Quelle:\u00a0<a href=\"http:\/\/eRecht24.de\" target=\"_blank\" rel=\"noopener noreferrer\">eRecht24<\/a><\/p>\n<\/div><div class=\"fusion-clearfix\"><\/div><\/div><\/div><\/div><\/div>\n","protected":false},"excerpt":{"rendered":"","protected":false},"author":1,"featured_media":0,"parent":0,"menu_order":0,"comment_status":"closed","ping_status":"closed","template":"","meta":{"footnotes":""},"class_list":["post-3604","page","type-page","status-publish","hentry"],"yoast_head":"<!-- This site is optimized with the Yoast SEO plugin v27.3 - https:\/\/yoast.com\/product\/yoast-seo-wordpress\/ -->\n<title>Imprint - Martin Schroeder<\/title>\n<meta name=\"robots\" content=\"index, follow, max-snippet:-1, max-image-preview:large, max-video-preview:-1\" \/>\n<link rel=\"canonical\" href=\"https:\/\/www.martin-schroeder.de\/en\/imprint\/\" \/>\n<meta property=\"og:locale\" content=\"en_US\" \/>\n<meta property=\"og:type\" content=\"article\" \/>\n<meta property=\"og:title\" content=\"Imprint - Martin Schroeder\" \/>\n<meta property=\"og:url\" content=\"https:\/\/www.martin-schroeder.de\/en\/imprint\/\" \/>\n<meta property=\"og:site_name\" content=\"Martin Schroeder\" \/>\n<meta property=\"article:publisher\" content=\"https:\/\/www.facebook.com\/mulgul\" \/>\n<meta property=\"article:modified_time\" content=\"2024-07-03T21:38:20+00:00\" \/>\n<meta name=\"twitter:card\" content=\"summary_large_image\" \/>\n<meta name=\"twitter:site\" content=\"@Martin_Schroe\" \/>\n<meta name=\"twitter:label1\" content=\"Est. reading time\" \/>\n\t<meta name=\"twitter:data1\" content=\"2 minutes\" \/>\n<script type=\"application\/ld+json\" class=\"yoast-schema-graph\">{\"@context\":\"https:\\\/\\\/schema.org\",\"@graph\":[{\"@type\":\"WebPage\",\"@id\":\"https:\\\/\\\/www.martin-schroeder.de\\\/en\\\/imprint\\\/\",\"url\":\"https:\\\/\\\/www.martin-schroeder.de\\\/en\\\/imprint\\\/\",\"name\":\"Imprint - Martin Schroeder\",\"isPartOf\":{\"@id\":\"https:\\\/\\\/www.martin-schroeder.de\\\/en\\\/#website\"},\"datePublished\":\"2020-02-26T15:27:20+00:00\",\"dateModified\":\"2024-07-03T21:38:20+00:00\",\"breadcrumb\":{\"@id\":\"https:\\\/\\\/www.martin-schroeder.de\\\/en\\\/imprint\\\/#breadcrumb\"},\"inLanguage\":\"en-US\",\"potentialAction\":[{\"@type\":\"ReadAction\",\"target\":[\"https:\\\/\\\/www.martin-schroeder.de\\\/en\\\/imprint\\\/\"]}]},{\"@type\":\"BreadcrumbList\",\"@id\":\"https:\\\/\\\/www.martin-schroeder.de\\\/en\\\/imprint\\\/#breadcrumb\",\"itemListElement\":[{\"@type\":\"ListItem\",\"position\":1,\"name\":\"Startseite\",\"item\":\"https:\\\/\\\/www.martin-schroeder.de\\\/en\\\/\"},{\"@type\":\"ListItem\",\"position\":2,\"name\":\"Imprint\"}]},{\"@type\":\"WebSite\",\"@id\":\"https:\\\/\\\/www.martin-schroeder.de\\\/en\\\/#website\",\"url\":\"https:\\\/\\\/www.martin-schroeder.de\\\/en\\\/\",\"name\":\"Martin Schr\u00f6der\",\"description\":\"Professor of Economic Sociology\",\"publisher\":{\"@id\":\"https:\\\/\\\/www.martin-schroeder.de\\\/en\\\/#\\\/schema\\\/person\\\/3e858475e9b817791c2e21e22428ae54\"},\"potentialAction\":[{\"@type\":\"SearchAction\",\"target\":{\"@type\":\"EntryPoint\",\"urlTemplate\":\"https:\\\/\\\/www.martin-schroeder.de\\\/en\\\/?s={search_term_string}\"},\"query-input\":{\"@type\":\"PropertyValueSpecification\",\"valueRequired\":true,\"valueName\":\"search_term_string\"}}],\"inLanguage\":\"en-US\"},{\"@type\":[\"Person\",\"Organization\"],\"@id\":\"https:\\\/\\\/www.martin-schroeder.de\\\/en\\\/#\\\/schema\\\/person\\\/3e858475e9b817791c2e21e22428ae54\",\"name\":\"Martin Schr\u00f6der\",\"logo\":{\"@id\":\"https:\\\/\\\/www.martin-schroeder.de\\\/en\\\/#\\\/schema\\\/person\\\/image\\\/\"},\"description\":\"Martin Schr\u00f6der ist Professor f\u00fcr Soziologie und forscht zu den Themen soziale Ungleichheit, Sozialstaat, Kapitalismusvarianten, Wirtschaftssoziologie, Moral und Lebenszufriedenheit. Er promovierte am Max-Planck-Institut f\u00fcr Gesellschaftsforschung in K\u00f6ln und studierte in Osnabr\u00fcck, der Sciences Po Paris und der Harvard University. Sein erstes popul\u00e4rwissenschaftliches Buch zeigt, warum wir nie das Gef\u00fchl haben, dass unser Leben besser wird, obwohl sich objektiv gesehen fast alles in der Welt und in Deutschland verbessert. Sein zweites Buch f\u00fcr die \u00d6ffentlichkeit zeigt, unter welchen Umst\u00e4nden Menschen mit ihrem Leben zufrieden sind.\",\"sameAs\":[\"https:\\\/\\\/www.martin-schroeder.de\",\"https:\\\/\\\/www.facebook.com\\\/mulgul\",\"https:\\\/\\\/x.com\\\/Martin_Schroe\",\"https:\\\/\\\/de.wikipedia.org\\\/wiki\\\/Martin_Schrder_(Soziologe)\"]}]}<\/script>\n<!-- \/ Yoast SEO plugin. -->","yoast_head_json":{"title":"Imprint - Martin Schroeder","robots":{"index":"index","follow":"follow","max-snippet":"max-snippet:-1","max-image-preview":"max-image-preview:large","max-video-preview":"max-video-preview:-1"},"canonical":"https:\/\/www.martin-schroeder.de\/en\/imprint\/","og_locale":"en_US","og_type":"article","og_title":"Imprint - Martin Schroeder","og_url":"https:\/\/www.martin-schroeder.de\/en\/imprint\/","og_site_name":"Martin Schroeder","article_publisher":"https:\/\/www.facebook.com\/mulgul","article_modified_time":"2024-07-03T21:38:20+00:00","twitter_card":"summary_large_image","twitter_site":"@Martin_Schroe","twitter_misc":{"Est. reading time":"2 minutes"},"schema":{"@context":"https:\/\/schema.org","@graph":[{"@type":"WebPage","@id":"https:\/\/www.martin-schroeder.de\/en\/imprint\/","url":"https:\/\/www.martin-schroeder.de\/en\/imprint\/","name":"Imprint - Martin Schroeder","isPartOf":{"@id":"https:\/\/www.martin-schroeder.de\/en\/#website"},"datePublished":"2020-02-26T15:27:20+00:00","dateModified":"2024-07-03T21:38:20+00:00","breadcrumb":{"@id":"https:\/\/www.martin-schroeder.de\/en\/imprint\/#breadcrumb"},"inLanguage":"en-US","potentialAction":[{"@type":"ReadAction","target":["https:\/\/www.martin-schroeder.de\/en\/imprint\/"]}]},{"@type":"BreadcrumbList","@id":"https:\/\/www.martin-schroeder.de\/en\/imprint\/#breadcrumb","itemListElement":[{"@type":"ListItem","position":1,"name":"Startseite","item":"https:\/\/www.martin-schroeder.de\/en\/"},{"@type":"ListItem","position":2,"name":"Imprint"}]},{"@type":"WebSite","@id":"https:\/\/www.martin-schroeder.de\/en\/#website","url":"https:\/\/www.martin-schroeder.de\/en\/","name":"Martin Schr\u00f6der","description":"Professor of Economic Sociology","publisher":{"@id":"https:\/\/www.martin-schroeder.de\/en\/#\/schema\/person\/3e858475e9b817791c2e21e22428ae54"},"potentialAction":[{"@type":"SearchAction","target":{"@type":"EntryPoint","urlTemplate":"https:\/\/www.martin-schroeder.de\/en\/?s={search_term_string}"},"query-input":{"@type":"PropertyValueSpecification","valueRequired":true,"valueName":"search_term_string"}}],"inLanguage":"en-US"},{"@type":["Person","Organization"],"@id":"https:\/\/www.martin-schroeder.de\/en\/#\/schema\/person\/3e858475e9b817791c2e21e22428ae54","name":"Martin Schr\u00f6der","logo":{"@id":"https:\/\/www.martin-schroeder.de\/en\/#\/schema\/person\/image\/"},"description":"Martin Schr\u00f6der ist Professor f\u00fcr Soziologie und forscht zu den Themen soziale Ungleichheit, Sozialstaat, Kapitalismusvarianten, Wirtschaftssoziologie, Moral und Lebenszufriedenheit. Er promovierte am Max-Planck-Institut f\u00fcr Gesellschaftsforschung in K\u00f6ln und studierte in Osnabr\u00fcck, der Sciences Po Paris und der Harvard University. Sein erstes popul\u00e4rwissenschaftliches Buch zeigt, warum wir nie das Gef\u00fchl haben, dass unser Leben besser wird, obwohl sich objektiv gesehen fast alles in der Welt und in Deutschland verbessert. Sein zweites Buch f\u00fcr die \u00d6ffentlichkeit zeigt, unter welchen Umst\u00e4nden Menschen mit ihrem Leben zufrieden sind.","sameAs":["https:\/\/www.martin-schroeder.de","https:\/\/www.facebook.com\/mulgul","https:\/\/x.com\/Martin_Schroe","https:\/\/de.wikipedia.org\/wiki\/Martin_Schrder_(Soziologe)"]}]}},"_links":{"self":[{"href":"https:\/\/www.martin-schroeder.de\/en\/wp-json\/wp\/v2\/pages\/3604","targetHints":{"allow":["GET"]}}],"collection":[{"href":"https:\/\/www.martin-schroeder.de\/en\/wp-json\/wp\/v2\/pages"}],"about":[{"href":"https:\/\/www.martin-schroeder.de\/en\/wp-json\/wp\/v2\/types\/page"}],"author":[{"embeddable":true,"href":"https:\/\/www.martin-schroeder.de\/en\/wp-json\/wp\/v2\/users\/1"}],"replies":[{"embeddable":true,"href":"https:\/\/www.martin-schroeder.de\/en\/wp-json\/wp\/v2\/comments?post=3604"}],"version-history":[{"count":3,"href":"https:\/\/www.martin-schroeder.de\/en\/wp-json\/wp\/v2\/pages\/3604\/revisions"}],"predecessor-version":[{"id":4345,"href":"https:\/\/www.martin-schroeder.de\/en\/wp-json\/wp\/v2\/pages\/3604\/revisions\/4345"}],"wp:attachment":[{"href":"https:\/\/www.martin-schroeder.de\/en\/wp-json\/wp\/v2\/media?parent=3604"}],"curies":[{"name":"wp","href":"https:\/\/api.w.org\/{rel}","templated":true}]}}